{"id":204,"date":"2018-01-03T06:06:02","date_gmt":"2018-01-03T06:06:02","guid":{"rendered":"http:\/\/bogdantopolski.pl\/?page_id=204"},"modified":"2026-01-06T11:13:31","modified_gmt":"2026-01-06T11:13:31","slug":"dyskografia","status":"publish","type":"page","link":"https:\/\/bogdantopolski.pl\/?page_id=204","title":{"rendered":"ALBUMS"},"content":{"rendered":"\n<p><strong>BANDS:<\/strong><\/p>\n\n\n\n<p><strong>GARY MOORE TRIBUTE BAND feat. Jack Moore<\/strong> (UK\/PL)<\/p>\n\n\n\n<p><img loading=\"lazy\" decoding=\"async\" width=\"220\" height=\"220\" class=\"wp-image-5138\" style=\"width: 220px;\" src=\"https:\/\/bogdantopolski.pl\/wp-content\/uploads\/2021\/09\/GMTB_CD_cover.jpg\" alt=\"\" srcset=\"https:\/\/bogdantopolski.pl\/wp-content\/uploads\/2021\/09\/GMTB_CD_cover.jpg 1260w, https:\/\/bogdantopolski.pl\/wp-content\/uploads\/2021\/09\/GMTB_CD_cover-300x300.jpg 300w, https:\/\/bogdantopolski.pl\/wp-content\/uploads\/2021\/09\/GMTB_CD_cover-1024x1024.jpg 1024w, https:\/\/bogdantopolski.pl\/wp-content\/uploads\/2021\/09\/GMTB_CD_cover-150x150.jpg 150w, https:\/\/bogdantopolski.pl\/wp-content\/uploads\/2021\/09\/GMTB_CD_cover-768x768.jpg 768w\" sizes=\"auto, (max-width: 220px) 100vw, 220px\" \/><br><strong>Moore Plays Moore Acoustic<\/strong><br>FF Music, 2021<br><br>1. Separate Ways<br>2.&nbsp;Walking By Myself<br>3. Don\u2019t Believe A Word<br>4. Where Are You Now?<br>5.&nbsp;Still Got The Blues<br>6.&nbsp;Empty Rooms<br>7. Texas Strut<br>8. Midnight Blues<br>9. Parisienne Walkaways<\/p>\n\n\n\n<p>___________<br><\/p>\n\n\n\n<p><strong>NIGHT COME<\/strong><\/p>\n\n\n\n<figure class=\"wp-block-image is-resized\"><img loading=\"lazy\" decoding=\"async\" width=\"1650\" height=\"1476\" src=\"https:\/\/bogdantopolski.pl\/wp-content\/uploads\/2021\/11\/243.nc_.jpg\" alt=\"\" class=\"wp-image-5339\" style=\"aspect-ratio:1.125;width:224px;height:auto\" srcset=\"https:\/\/bogdantopolski.pl\/wp-content\/uploads\/2021\/11\/243.nc_.jpg 1650w, https:\/\/bogdantopolski.pl\/wp-content\/uploads\/2021\/11\/243.nc_-300x268.jpg 300w, https:\/\/bogdantopolski.pl\/wp-content\/uploads\/2021\/11\/243.nc_-1024x916.jpg 1024w, https:\/\/bogdantopolski.pl\/wp-content\/uploads\/2021\/11\/243.nc_-768x687.jpg 768w, https:\/\/bogdantopolski.pl\/wp-content\/uploads\/2021\/11\/243.nc_-1536x1374.jpg 1536w\" sizes=\"auto, (max-width: 1650px) 100vw, 1650px\" \/><\/figure>\n\n\n\n<p><strong>30<\/strong><br>Suwalski O\u015brodek Kultury, Studio Om, 2021<\/p>\n\n\n\n<p>1.&nbsp;Thunder Storms And Crawled Time<br>2. Who Feels So Right<br>3.&nbsp;Morning Shine<br>4.&nbsp;Exile<br>5. Next To The Mountain<br>6. Dreams Of Valhall<br>7. Northeast Wind<br>8. Hanging Upside Down<br>9. Almost Like A Child1<br>10. I Can\u2019t Believe<\/p>\n\n\n\n<p><\/p>\n\n\n\n<figure class=\"wp-block-image size-full is-resized\"><a href=\"https:\/\/bogdantopolski.pl\/wp-content\/uploads\/2024\/03\/night_come_pw_cover.jpg\"><img loading=\"lazy\" decoding=\"async\" width=\"289\" height=\"290\" src=\"https:\/\/bogdantopolski.pl\/wp-content\/uploads\/2024\/03\/night_come_pw_cover.jpg\" alt=\"\" class=\"wp-image-9159\" style=\"width:219px;height:auto\" srcset=\"https:\/\/bogdantopolski.pl\/wp-content\/uploads\/2024\/03\/night_come_pw_cover.jpg 289w, https:\/\/bogdantopolski.pl\/wp-content\/uploads\/2024\/03\/night_come_pw_cover-150x150.jpg 150w, https:\/\/bogdantopolski.pl\/wp-content\/uploads\/2024\/03\/night_come_pw_cover-80x80.jpg 80w\" sizes=\"auto, (max-width: 289px) 100vw, 289px\" \/><\/a><\/figure>\n\n\n\n<p><strong>P\u00f3\u0142nocny-wsch\u00f3d<\/strong><br>Agencja Reklamowa Radia 5, 2004<\/p>\n\n\n\n<ol class=\"wp-block-list\">\n<li><a rel=\"noreferrer noopener\" href=\"https:\/\/www.reverbnation.com\/nightcome\/song\/29009602-01-night-come-do-eldorado\" target=\"_blank\">Do Eldorado<\/a><\/li>\n\n\n\n<li>Zakl\u0119ta<\/li>\n\n\n\n<li><a rel=\"noreferrer noopener\" href=\"https:\/\/www.reverbnation.com\/nightcome\/song\/29009626-03-night-come-markesz\" target=\"_blank\">Marakesz<\/a><\/li>\n\n\n\n<li>\u0141owcy py\u0142u<\/li>\n\n\n\n<li>Pasuje<\/li>\n\n\n\n<li>P\u00f3\u0142nocny-wsch\u00f3d<\/li>\n\n\n\n<li>Music Is A Friend<\/li>\n\n\n\n<li><a rel=\"noreferrer noopener\" href=\"https:\/\/www.reverbnation.com\/nightcome\/song\/29009662-08-night-come-kosmiczny-deszcz\" target=\"_blank\">Kosmiczny deszcz<\/a><\/li>\n\n\n\n<li><a rel=\"noreferrer noopener\" href=\"https:\/\/www.reverbnation.com\/nightcome\/song\/29009668-09-night-come-autostrady-nocy\" target=\"_blank\">Autostrady nocy<\/a><\/li>\n\n\n\n<li>P\u0142on\u0105ce \u0142\u0105ki<\/li>\n\n\n\n<li>Pearl\u2019s Night<\/li>\n\n\n\n<li>Kipu III<\/li>\n\n\n\n<li><a href=\"https:\/\/www.reverbnation.com\/nightcome\/song\/29009705-13-night-come-miasta-ez-i-samochodw\" target=\"_blank\" rel=\"noreferrer noopener\">Miasta \u0142ez i samochod\u00f3w<\/a><\/li>\n\n\n\n<li>Duch czarnego psa<\/li>\n\n\n\n<li>Na koniec<\/li>\n<\/ol>\n\n\n\n<p><\/p>\n\n\n\n<figure class=\"wp-block-image size-full is-resized\"><a href=\"https:\/\/bogdantopolski.pl\/wp-content\/uploads\/2013\/12\/3_JPG.jpg\"><img loading=\"lazy\" decoding=\"async\" width=\"205\" height=\"205\" src=\"https:\/\/bogdantopolski.pl\/wp-content\/uploads\/2013\/12\/3_JPG.jpg\" alt=\"\" class=\"wp-image-218\" style=\"width:226px;height:auto\" srcset=\"https:\/\/bogdantopolski.pl\/wp-content\/uploads\/2013\/12\/3_JPG.jpg 205w, https:\/\/bogdantopolski.pl\/wp-content\/uploads\/2013\/12\/3_JPG-150x150.jpg 150w\" sizes=\"auto, (max-width: 205px) 100vw, 205px\" \/><\/a><\/figure>\n\n\n\n<p><strong>Charm<\/strong><br>Night Come, 1999<br><br>1.&nbsp;Charm<br>2.&nbsp;Nirvana<br>3.&nbsp;Heaten Song<br>4.&nbsp;Silver Dust<br>5.&nbsp;Mind<br>6.&nbsp;Can You Hear Me<br>7.&nbsp;Kipu<br>8.&nbsp;Wolni od strachu<br>9.&nbsp;Zga\u015b ju\u017c \u015bwiat\u0142o<br>10.&nbsp;Magiczna&nbsp;<\/p>\n\n\n\n<p><br><img loading=\"lazy\" decoding=\"async\" width=\"130\" height=\"206\" class=\"wp-image-217\" style=\"width: 130px;\" src=\"https:\/\/bogdantopolski.pl\/wp-content\/uploads\/2013\/12\/2_jpg.jpg\" alt=\"\"><br><strong>Frequence and Perceptions<\/strong><br>Regionalny O\u015brodek Kultury i Sztuki, 1995<br><br>1. We Feel So Right<br>2. Kipu<br>3.&nbsp;Frequences And Perceptions<br>4. Shotguns<br>5. Dazed And Confused<br>6.&nbsp;Big Road<br>7.&nbsp;Morning Shear<br>8.&nbsp;Discoverers Of America<br>9.&nbsp;I Can\u2019t Believe<br>10. The Night Comes<\/p>\n\n\n\n<p>___________<\/p>\n\n\n\n<p><\/p>\n\n\n\n<p><strong>UNION OF BLUES <\/strong>(LT\/PL)<\/p>\n\n\n\n<p><img loading=\"lazy\" decoding=\"async\" width=\"220\" height=\"212\" class=\"wp-image-239\" style=\"width: 220px;\" src=\"https:\/\/bogdantopolski.pl\/wp-content\/uploads\/2013\/12\/union_okladak_plyty.jpg\" alt=\"\"><br><strong>Union of Blues<\/strong><br>Union of Blues, AB03, 2012<br><br>1.&nbsp;We\u2019ve Got The Reason For The Blues<br>2.&nbsp;Blues With The Feeling<br>3.&nbsp;You Can\u2019t Get That Stuff No More<br>4.&nbsp;We Are Staying Here<br>5.&nbsp;That Girl Is Mine<br>6.&nbsp;Freight Train Boogie<br>7.&nbsp;Forgive Me<br>8.&nbsp;It\u2019s Too Late<br>9.&nbsp;I\u2019m Tried Of It<br>10.&nbsp;You Look So Good<br>11.&nbsp;Nobody\u2019s Fault But Mine<\/p>\n\n\n\n<p>___________<\/p>\n\n\n\n<p><\/p>\n\n\n\n<p><strong>SHAMROCK<\/strong><\/p>\n\n\n\n<figure class=\"wp-block-image size-full\"><a href=\"https:\/\/bogdantopolski.pl\/wp-content\/uploads\/2013\/12\/shamrock_opowiesc.jpg\"><img loading=\"lazy\" decoding=\"async\" width=\"220\" height=\"223\" src=\"https:\/\/bogdantopolski.pl\/wp-content\/uploads\/2013\/12\/shamrock_opowiesc.jpg\" alt=\"\" class=\"wp-image-235\"\/><\/a><\/figure>\n\n\n\n<p><strong>Opowie\u015b\u0107<\/strong><br>Soliton, 2006<\/p>\n\n\n\n<p>1. Opowie\u015b\u0107<br>2. On<br>3. Celtic<br>4. By\u0107 sob\u0105<br>5. Ludzie m\u00f3wi\u0105<br>6. Donegal<br>7. Matulu<br>8. Finnegans<br>9. Ballada o s\u0142o\u0144cu<br>10. Wiecznie<br>11. Shamrock<br>12. Bo tak<\/p>\n\n\n\n<p>___________<\/p>\n\n\n\n<p><strong>WNIEBOWCI\u0118CI<\/strong><\/p>\n\n\n\n<figure class=\"wp-block-image size-full\"><a href=\"https:\/\/bogdantopolski.pl\/wp-content\/uploads\/2013\/12\/wniebo_okladka.jpg\"><img loading=\"lazy\" decoding=\"async\" width=\"223\" height=\"201\" src=\"https:\/\/bogdantopolski.pl\/wp-content\/uploads\/2013\/12\/wniebo_okladka.jpg\" alt=\"\" class=\"wp-image-226\"\/><\/a><\/figure>\n\n\n\n<p><strong>Chwila pojednania<\/strong><br>Morena Entertainment, 2010<\/p>\n\n\n\n<p>1. Przebudzenie<br>2. Bez wojen<br>3. Bzy w Pensylwanii<br>4. Chwila pojednania<br>5. Czekamy na deszcz<br>6. \u015awi\u0119ci<br>7. Piosenka o mi\u0142o\u015bci<br>8. Zawsze tak<br>9. Dwie ska\u0142y<br>10. Oleckie sowy<\/p>\n\n\n\n<p>___________<\/p>\n\n\n\n<p><strong>COMPILATIONS:<\/strong><\/p>\n\n\n\n<figure class=\"wp-block-image size-full\"><a href=\"https:\/\/bogdantopolski.pl\/wp-content\/uploads\/2013\/12\/rawa.jpg\"><img loading=\"lazy\" decoding=\"async\" width=\"212\" height=\"222\" src=\"https:\/\/bogdantopolski.pl\/wp-content\/uploads\/2013\/12\/rawa.jpg\" alt=\"\" class=\"wp-image-224\"\/><\/a><\/figure>\n\n\n\n<h2 class=\"wp-block-heading\"><\/h2>\n\n\n\n<figure class=\"wp-block-image size-full is-resized\"><a href=\"https:\/\/bogdantopolski.pl\/wp-content\/uploads\/2013\/12\/wierzchbledsuwalkicd.jpg\"><img loading=\"lazy\" decoding=\"async\" width=\"200\" height=\"181\" src=\"https:\/\/bogdantopolski.pl\/wp-content\/uploads\/2013\/12\/wierzchbledsuwalkicd.jpg\" alt=\"\" class=\"wp-image-225\" style=\"aspect-ratio:1.1049913651276588;width:212px;height:auto\"\/><\/a><\/figure>\n\n\n\n<h2 class=\"wp-block-heading\"><\/h2>\n\n\n\n<figure class=\"wp-block-image size-full is-resized\"><a href=\"https:\/\/bogdantopolski.pl\/wp-content\/uploads\/2013\/12\/FCD050_BBKT_DIGIPACK_FRONT_CMYK.jpg\"><img loading=\"lazy\" decoding=\"async\" width=\"523\" height=\"480\" src=\"https:\/\/bogdantopolski.pl\/wp-content\/uploads\/2013\/12\/FCD050_BBKT_DIGIPACK_FRONT_CMYK.jpg\" alt=\"\" class=\"wp-image-2096\" style=\"aspect-ratio:1.089600026601563;width:214px;height:auto\" srcset=\"https:\/\/bogdantopolski.pl\/wp-content\/uploads\/2013\/12\/FCD050_BBKT_DIGIPACK_FRONT_CMYK.jpg 523w, https:\/\/bogdantopolski.pl\/wp-content\/uploads\/2013\/12\/FCD050_BBKT_DIGIPACK_FRONT_CMYK-300x275.jpg 300w\" sizes=\"auto, (max-width: 523px) 100vw, 523px\" \/><\/a><\/figure>\n\n\n\n<h2 class=\"wp-block-heading\"><\/h2>\n\n\n\n<figure class=\"wp-block-image size-large is-resized\"><a href=\"https:\/\/bogdantopolski.pl\/wp-content\/uploads\/2020\/05\/ASB_cover.jpg\"><img loading=\"lazy\" decoding=\"async\" width=\"1024\" height=\"875\" src=\"https:\/\/bogdantopolski.pl\/wp-content\/uploads\/2020\/05\/ASB_cover-1024x875.jpg\" alt=\"\" class=\"wp-image-4203\" style=\"aspect-ratio:1.1702799891912117;width:215px;height:auto\" srcset=\"https:\/\/bogdantopolski.pl\/wp-content\/uploads\/2020\/05\/ASB_cover-1024x875.jpg 1024w, https:\/\/bogdantopolski.pl\/wp-content\/uploads\/2020\/05\/ASB_cover-300x256.jpg 300w, https:\/\/bogdantopolski.pl\/wp-content\/uploads\/2020\/05\/ASB_cover-768x656.jpg 768w\" sizes=\"auto, (max-width: 1024px) 100vw, 1024px\" \/><\/a><\/figure>\n\n\n\n<h2 class=\"wp-block-heading\"><\/h2>\n\n\n\n<figure class=\"wp-block-image size-full is-resized\"><a href=\"https:\/\/bogdantopolski.pl\/wp-content\/uploads\/2013\/12\/chor_olsztyn.jpg\"><img loading=\"lazy\" decoding=\"async\" width=\"205\" height=\"200\" src=\"https:\/\/bogdantopolski.pl\/wp-content\/uploads\/2013\/12\/chor_olsztyn.jpg\" alt=\"\" class=\"wp-image-229\" style=\"aspect-ratio:1.0249859952166311;width:216px;height:auto\"\/><\/a><\/figure>\n\n\n\n<h2 class=\"wp-block-heading\"><\/h2>\n\n\n\n<figure class=\"wp-block-image size-full\"><a href=\"https:\/\/bogdantopolski.pl\/wp-content\/uploads\/2013\/12\/mirapurii.jpg\"><img loading=\"lazy\" decoding=\"async\" width=\"217\" height=\"220\" src=\"https:\/\/bogdantopolski.pl\/wp-content\/uploads\/2013\/12\/mirapurii.jpg\" alt=\"\" class=\"wp-image-222\"\/><\/a><\/figure>\n\n\n\n<h2 class=\"wp-block-heading\"><\/h2>\n\n\n\n<figure class=\"wp-block-image size-full is-resized\"><a href=\"https:\/\/bogdantopolski.pl\/wp-content\/uploads\/2013\/12\/bliuzo_naktys.jpg\"><img loading=\"lazy\" decoding=\"async\" width=\"219\" height=\"199\" src=\"https:\/\/bogdantopolski.pl\/wp-content\/uploads\/2013\/12\/bliuzo_naktys.jpg\" alt=\"\" class=\"wp-image-221\" style=\"width:220px;height:auto\"\/><\/a><\/figure>\n\n\n\n<h2 class=\"wp-block-heading\"><\/h2>\n\n\n\n<figure class=\"wp-block-image size-full is-resized\"><a href=\"https:\/\/bogdantopolski.pl\/wp-content\/uploads\/2013\/12\/bike_show.jpg\"><img loading=\"lazy\" decoding=\"async\" width=\"219\" height=\"199\" src=\"https:\/\/bogdantopolski.pl\/wp-content\/uploads\/2013\/12\/bike_show.jpg\" alt=\"\" class=\"wp-image-220\" style=\"width:220px;height:auto\"\/><\/a><\/figure>\n\n\n\n<h2 class=\"wp-block-heading\"><\/h2>\n\n\n\n<figure class=\"wp-block-image size-full\"><a href=\"https:\/\/bogdantopolski.pl\/wp-content\/uploads\/2013\/12\/amnesty.jpg\"><img loading=\"lazy\" decoding=\"async\" width=\"155\" height=\"254\" src=\"https:\/\/bogdantopolski.pl\/wp-content\/uploads\/2013\/12\/amnesty.jpg\" alt=\"\" class=\"wp-image-219\"\/><\/a><\/figure>\n\n\n\n<h2 class=\"wp-block-heading\"><\/h2>\n","protected":false},"excerpt":{"rendered":"<p>BANDS: GARY MOORE TRIBUTE BAND feat. Jack Moore (UK\/PL) Moore Plays Moore AcousticFF Music, 2021 1. Separate Ways2.&nbsp;Walking By Myself3. Don\u2019t Believe A Word4. Where Are You Now?5.&nbsp;Still Got The Blues6.&nbsp;Empty Rooms7.&#46;&#46;&#46;<\/p>\n","protected":false},"author":1,"featured_media":0,"parent":0,"menu_order":0,"comment_status":"open","ping_status":"open","template":"","meta":{"footnotes":""},"class_list":["post-204","page","type-page","status-publish","hentry"],"_links":{"self":[{"href":"https:\/\/bogdantopolski.pl\/index.php?rest_route=\/wp\/v2\/pages\/204","targetHints":{"allow":["GET"]}}],"collection":[{"href":"https:\/\/bogdantopolski.pl\/index.php?rest_route=\/wp\/v2\/pages"}],"about":[{"href":"https:\/\/bogdantopolski.pl\/index.php?rest_route=\/wp\/v2\/types\/page"}],"author":[{"embeddable":true,"href":"https:\/\/bogdantopolski.pl\/index.php?rest_route=\/wp\/v2\/users\/1"}],"replies":[{"embeddable":true,"href":"https:\/\/bogdantopolski.pl\/index.php?rest_route=%2Fwp%2Fv2%2Fcomments&post=204"}],"version-history":[{"count":348,"href":"https:\/\/bogdantopolski.pl\/index.php?rest_route=\/wp\/v2\/pages\/204\/revisions"}],"predecessor-version":[{"id":12293,"href":"https:\/\/bogdantopolski.pl\/index.php?rest_route=\/wp\/v2\/pages\/204\/revisions\/12293"}],"wp:attachment":[{"href":"https:\/\/bogdantopolski.pl\/index.php?rest_route=%2Fwp%2Fv2%2Fmedia&parent=204"}],"curies":[{"name":"wp","href":"https:\/\/api.w.org\/{rel}","templated":true}]}}