{"id":8340,"date":"2023-10-20T18:36:26","date_gmt":"2023-10-20T18:36:26","guid":{"rendered":"https:\/\/bogdantopolski.pl\/?page_id=8340"},"modified":"2025-11-14T14:22:04","modified_gmt":"2025-11-14T14:22:04","slug":"union-of-blues-lt-pl","status":"publish","type":"page","link":"https:\/\/bogdantopolski.pl\/?page_id=8340","title":{"rendered":"UNION OF BLUES (LT\/PL)"},"content":{"rendered":"\n<h2 class=\"wp-block-heading\"><\/h2>\n\n\n\n<figure class=\"wp-block-image size-large\"><a href=\"https:\/\/bogdantopolski.pl\/wp-content\/uploads\/2025\/03\/Union-Of-Blues_2025.jpg\"><img loading=\"lazy\" decoding=\"async\" width=\"1024\" height=\"683\" src=\"https:\/\/bogdantopolski.pl\/wp-content\/uploads\/2025\/03\/Union-Of-Blues_2025-1024x683.jpg\" alt=\"\" class=\"wp-image-11087\" srcset=\"https:\/\/bogdantopolski.pl\/wp-content\/uploads\/2025\/03\/Union-Of-Blues_2025-1024x683.jpg 1024w, https:\/\/bogdantopolski.pl\/wp-content\/uploads\/2025\/03\/Union-Of-Blues_2025-300x200.jpg 300w, https:\/\/bogdantopolski.pl\/wp-content\/uploads\/2025\/03\/Union-Of-Blues_2025-768x512.jpg 768w, https:\/\/bogdantopolski.pl\/wp-content\/uploads\/2025\/03\/Union-Of-Blues_2025-1536x1024.jpg 1536w, https:\/\/bogdantopolski.pl\/wp-content\/uploads\/2025\/03\/Union-Of-Blues_2025-2048x1366.jpg 2048w\" sizes=\"auto, (max-width: 1024px) 100vw, 1024px\" \/><\/a><\/figure>\n\n\n\n<h2 class=\"wp-block-heading\"><\/h2>\n\n\n\n<p>The project was created especially for participation in the Suwa\u0142ki Blues Festival 2010, but only at the end of 2011 the band played its first concerts. Several years of cooperation between musicians from Suwa\u0142ki and Vilnius prompted them to establish a joint blues project. These are three very experienced musicians who present their compositions and blues standards in their own interpretation and with an interesting sense of blues phrases in acoustic versions. In 2012, they released a CD entitled &#8221; &#8220;Union Of Blues&#8221;.<\/p>\n\n\n\n<h2 class=\"wp-block-heading\"><\/h2>\n\n\n\n<p><strong>More:<\/strong>   <\/p>\n\n\n\n<figure class=\"wp-block-image size-full is-resized\"><a href=\"http:\/\/www.reverbnation.com\/unionofblues\" target=\"_blank\" rel=\"noreferrer noopener\"><img loading=\"lazy\" decoding=\"async\" width=\"422\" height=\"56\" src=\"https:\/\/bogdantopolski.pl\/wp-content\/uploads\/2024\/02\/reverbnation_new-logo_2.jpg\" alt=\"\" class=\"wp-image-9095\" style=\"width:202px;height:auto\" srcset=\"https:\/\/bogdantopolski.pl\/wp-content\/uploads\/2024\/02\/reverbnation_new-logo_2.jpg 422w, https:\/\/bogdantopolski.pl\/wp-content\/uploads\/2024\/02\/reverbnation_new-logo_2-300x40.jpg 300w\" sizes=\"auto, (max-width: 422px) 100vw, 422px\" \/><\/a><\/figure>\n\n\n\n<h2 class=\"wp-block-heading\"><\/h2>\n\n\n\n<p><strong>Members:<\/strong><br>Virgilijus Jutas \u2013 vocal, acoustic guitar, harp<br>Aleksandr Belkin \u2013 vocal, acoustic guitar, ukulele, harp, percussion<br>Bogdan Topolski \u2013 acoustic guitar<\/p>\n\n\n\n<p><strong>Virgilijus Jutas<\/strong> \u2013 one of the best guitarists and vocalists in Lithuania. Leader of the Blues Makers band, which has been operating for over 25 years and has released six CDs. He is a regular guest of the largest festivals in Lithuania. He collaborated with american blues-rock singers, such as Jimmy Lawson and Gary Lowell, and with the harmonica virtuoso &#8211; Dov Hammer (USA). Recently he has opened concerts in Lithuania for artists such as John Mayall, Candy Dulfer and Chris Botti<br>More: <a href=\"https:\/\/www.facebook.com\/groups\/143611315746783\/\" target=\"_blank\" rel=\"noreferrer noopener\">Facebook<\/a><\/p>\n\n\n\n<p><strong>Aleksandr Belkin<\/strong> \u2013 guitarist, vocalist and harmonica, leader of The Road Band. He played in the first Lithuanian blues band, Hilda Blues Band. With this band he toured many European countries. In addition to playing in The Road Band, Aleksandr Belkin takes part in many musical projects together with musicians from Lithuania and abroad. He collaborated with such as Keb\u2019 Mo\u2019, Studebaker John, Ian Siegal, Kenny and Neal he has played on one stage with artists such as Buddy Guy, Robert Cray, Ana Popovic, Jimmie Vaughan, Walter Trout, Eric Sardinas and others. <br>More: <a href=\"https:\/\/www.facebook.com\/rband\/\" target=\"_blank\" rel=\"noreferrer noopener\">https:\/\/www.facebook.com\/rband\/<\/a><\/p>\n\n\n\n<p><strong>Bogdan Topolski <\/strong>\u2013 guitar, takes part in many different musical projects, cooperates with musicians from the USA, Norway, France, Italy and Lithuania. Participant of many blues festivals in Poland and abroad, winner of awards for the best guitarist. Operating within the European Blues Union, he has been the artistic director of the Suwa\u0142ki Blues Festival for 18 years. He recorded several albums. He also collaborated with Jack Moore (UK), Buddy Whittington (USA) and Daryl Strodes (USA).<br>More: <a href=\"http:\/\/www.bogdantopolski.pl\" target=\"_blank\" rel=\"noreferrer noopener\">www.bogdantopolski.pl<\/a><\/p>\n\n\n\n<h2 class=\"wp-block-heading\"><\/h2>\n\n\n\n<figure class=\"wp-block-image size-full\"><a href=\"https:\/\/bogdantopolski.pl\/wp-content\/uploads\/2025\/01\/UNION-OF-BLUES_Vilnius-LT_Lucille-Blues-Bar_2024-1.jpg\"><img loading=\"lazy\" decoding=\"async\" width=\"960\" height=\"720\" src=\"https:\/\/bogdantopolski.pl\/wp-content\/uploads\/2025\/01\/UNION-OF-BLUES_Vilnius-LT_Lucille-Blues-Bar_2024-1.jpg\" alt=\"\" class=\"wp-image-10668\" srcset=\"https:\/\/bogdantopolski.pl\/wp-content\/uploads\/2025\/01\/UNION-OF-BLUES_Vilnius-LT_Lucille-Blues-Bar_2024-1.jpg 960w, https:\/\/bogdantopolski.pl\/wp-content\/uploads\/2025\/01\/UNION-OF-BLUES_Vilnius-LT_Lucille-Blues-Bar_2024-1-300x225.jpg 300w, https:\/\/bogdantopolski.pl\/wp-content\/uploads\/2025\/01\/UNION-OF-BLUES_Vilnius-LT_Lucille-Blues-Bar_2024-1-768x576.jpg 768w\" sizes=\"auto, (max-width: 960px) 100vw, 960px\" \/><\/a><\/figure>\n\n\n\n<h2 class=\"wp-block-heading\"><\/h2>\n\n\n\n<hr class=\"wp-block-separator has-alpha-channel-opacity\"\/>\n\n\n\n<p><strong>Upcoming shows:<\/strong><\/p>\n\n\n\n<h2 class=\"wp-block-heading\"><\/h2>\n\n\n\n<h2 class=\"wp-block-heading\"><\/h2>\n\n\n\n<p><strong><strong>Album review<\/strong>:<\/strong><\/p>\n\n\n\n<figure class=\"wp-block-image size-full is-resized\"><a href=\"https:\/\/magazyngitarzysta.pl\/muzyka\/recenzje\/blues-i-soul\/10527-union-of-blues\"><img loading=\"lazy\" decoding=\"async\" width=\"132\" height=\"51\" src=\"https:\/\/bogdantopolski.pl\/wp-content\/uploads\/2024\/02\/gitarzysta-logo.jpg\" alt=\"\" class=\"wp-image-9055\" style=\"width:110px;height:auto\"\/><\/a><\/figure>\n\n\n\n<h2 class=\"wp-block-heading\"><\/h2>\n\n\n<div class=\"wp-block-image\">\n<figure class=\"aligncenter size-large is-resized\"><a href=\"https:\/\/bogdantopolski.pl\/wp-content\/uploads\/2025\/03\/Union-Of-Blues_2025_2.jpg\"><img loading=\"lazy\" decoding=\"async\" width=\"1024\" height=\"683\" src=\"https:\/\/bogdantopolski.pl\/wp-content\/uploads\/2025\/03\/Union-Of-Blues_2025_2-1024x683.jpg\" alt=\"\" class=\"wp-image-11095\" style=\"width:747px;height:auto\" srcset=\"https:\/\/bogdantopolski.pl\/wp-content\/uploads\/2025\/03\/Union-Of-Blues_2025_2-1024x683.jpg 1024w, https:\/\/bogdantopolski.pl\/wp-content\/uploads\/2025\/03\/Union-Of-Blues_2025_2-300x200.jpg 300w, https:\/\/bogdantopolski.pl\/wp-content\/uploads\/2025\/03\/Union-Of-Blues_2025_2-768x512.jpg 768w, https:\/\/bogdantopolski.pl\/wp-content\/uploads\/2025\/03\/Union-Of-Blues_2025_2-1536x1024.jpg 1536w, https:\/\/bogdantopolski.pl\/wp-content\/uploads\/2025\/03\/Union-Of-Blues_2025_2-2048x1366.jpg 2048w\" sizes=\"auto, (max-width: 1024px) 100vw, 1024px\" \/><\/a><\/figure>\n<\/div>\n\n\n<h2 class=\"wp-block-heading\"><\/h2>\n\n\n\n<figure class=\"wp-block-embed is-type-video is-provider-youtube wp-block-embed-youtube wp-embed-aspect-16-9 wp-has-aspect-ratio\"><div class=\"wp-block-embed__wrapper\">\n<div class=\"video-container\"><iframe loading=\"lazy\" title=\"UNION of BLUES at LUCILLE BLUES BAR 2024\" width=\"500\" height=\"281\" src=\"https:\/\/www.youtube.com\/embed\/y-v-oX96V5w?feature=oembed&#038;wmode=opaque\" frameborder=\"0\" allow=\"accelerometer; autoplay; clipboard-write; encrypted-media; gyroscope; picture-in-picture; web-share\" referrerpolicy=\"strict-origin-when-cross-origin\" allowfullscreen><\/iframe><\/div>\n<\/div><\/figure>\n\n\n\n<h2 class=\"wp-block-heading\"><\/h2>\n\n\n<div class=\"wp-block-image\">\n<figure class=\"aligncenter size-large is-resized\"><a href=\"https:\/\/bogdantopolski.pl\/wp-content\/uploads\/2025\/03\/Union-Of-Blues-2023_Alytus.jpg\"><img loading=\"lazy\" decoding=\"async\" width=\"1024\" height=\"488\" src=\"https:\/\/bogdantopolski.pl\/wp-content\/uploads\/2025\/03\/Union-Of-Blues-2023_Alytus-1024x488.jpg\" alt=\"\" class=\"wp-image-11085\" style=\"width:749px;height:auto\" srcset=\"https:\/\/bogdantopolski.pl\/wp-content\/uploads\/2025\/03\/Union-Of-Blues-2023_Alytus-1024x488.jpg 1024w, https:\/\/bogdantopolski.pl\/wp-content\/uploads\/2025\/03\/Union-Of-Blues-2023_Alytus-300x143.jpg 300w, https:\/\/bogdantopolski.pl\/wp-content\/uploads\/2025\/03\/Union-Of-Blues-2023_Alytus-768x366.jpg 768w, https:\/\/bogdantopolski.pl\/wp-content\/uploads\/2025\/03\/Union-Of-Blues-2023_Alytus-1536x732.jpg 1536w, https:\/\/bogdantopolski.pl\/wp-content\/uploads\/2025\/03\/Union-Of-Blues-2023_Alytus.jpg 1600w\" sizes=\"auto, (max-width: 1024px) 100vw, 1024px\" \/><\/a><\/figure>\n<\/div>\n\n\n<h2 class=\"wp-block-heading\"><\/h2>\n\n\n\n<figure class=\"wp-block-embed is-type-video is-provider-youtube wp-block-embed-youtube wp-embed-aspect-16-9 wp-has-aspect-ratio\"><div class=\"wp-block-embed__wrapper\">\n<div class=\"video-container\"><iframe loading=\"lazy\" title=\"Union Of Blues LT PL  Live in 3A Studija - Alytus LT\" width=\"500\" height=\"281\" src=\"https:\/\/www.youtube.com\/embed\/NBXXspZo3vo?feature=oembed&#038;wmode=opaque\" frameborder=\"0\" allow=\"accelerometer; autoplay; clipboard-write; encrypted-media; gyroscope; picture-in-picture; web-share\" referrerpolicy=\"strict-origin-when-cross-origin\" allowfullscreen><\/iframe><\/div>\n<\/div><\/figure>\n\n\n\n<h2 class=\"wp-block-heading\"><\/h2>\n\n\n\n<p><strong>Past shows:<\/strong><\/p>\n\n\n\n<p><strong>UNION OF BLUES <\/strong>(LT\/PL) <strong>August Tour 2025<\/strong><br>22.08 Suwa\u0142ki, PL,&nbsp;<a href=\"https:\/\/www.facebook.com\/events\/1113359620788631\/?acontext=%7B%22event_action_history%22%3A[%7B%22surface%22%3A%22external_search_engine%22%7D%2C%7B%22mechanism%22%3A%22attachment%22%2C%22surface%22%3A%22newsfeed%22%7D]%2C%22ref_notif_type%22%3Anull%7D&amp;locale=pl_PL\" target=\"_blank\" rel=\"noreferrer noopener\">Rozmarino<\/a><br>23.08 Jonkowo, PL,<a href=\"https:\/\/mazury.travel\/wydarzenie\/warmia-blues-festiwal-jonkowo-2025\/\">&nbsp;<\/a><a href=\"https:\/\/www.facebook.com\/ug.jonkowo\/posts\/-bluesowe-wydarzenie-du%C5%BCego-kalibru-na-b%C5%82oniach-jonkowskich-w-gmina-jonkowo-wsp%C3%B3\/733247979679683\/\">II Warmia Blues Festiwal 2025<\/a><br>29.08 Elektrenai, LT,&nbsp;<a href=\"https:\/\/www.facebook.com\/ejazz.lt\/\">Blues Jazz Festival 2025<\/a><br>30.08 Vilnius, LT,&nbsp;<a href=\"https:\/\/www.facebook.com\/lucillebluesbar\/?locale=pl_PL\">Lucille Blues Bar<\/a><\/p>\n\n\n\n<p><strong>UNION OF BLUES&nbsp;<\/strong>(LT\/PL)&nbsp;<strong>Spring Tour 2025<\/strong><br>14.03 Jonava, LT,&nbsp;<a href=\"https:\/\/armosbaras.eu\/\" target=\"_blank\" rel=\"noreferrer noopener\">Arma Bar<\/a><br>15.03 Vilnius, LT,&nbsp;<a href=\"https:\/\/bluesdance.lt\/\" target=\"_blank\" rel=\"noreferrer noopener\">Bluesdance.LT<\/a><br>18.03 Warszawa, PL, <a href=\"https:\/\/okie.smwola.com.pl\/\" target=\"_blank\" rel=\"noreferrer noopener\">OKiE SM Wola<\/a><br>19.03 Suwa\u0142ki, PL, R\u00f3\u017cana 1A<br>20.03 Gdynia, PL,&nbsp;<a href=\"https:\/\/www.bluesclub.pl\/koncert-bilety\/\" target=\"_blank\" rel=\"noreferrer noopener\">Blues Club<\/a><br>21.03 Magdalenka, PL, blues party<br>22.03 Bia\u0142ystok, PL, <a href=\"https:\/\/www.facebook.com\/motopub.bialystok\/?locale=pl_PL\" target=\"_blank\" rel=\"noreferrer noopener\">MotoPub<\/a><\/p>\n\n\n\n<p><strong>UNION OF BLUES\u00a0<\/strong>(LT\/PL)\u00a0<strong>Tour 2024<\/strong><br>6.09 Vilnius, LT,\u00a0Lucille Blues Bar <br>7.09 Alytus, LT,\u00a0Rev\u0173 \u017eirgai 2024 <br><br><strong>UNION OF BLUES\u00a0<\/strong>(LT\/PL)\u00a0<strong>Spring Tour 2024<\/strong><br>10.04 Alytus, LT, Alytus Blues Club <br>11.04 Kaunas, LT,\u00a0<a href=\"https:\/\/www.facebook.com\/TeatroklubasKaune\/?locale=lt_LT\" target=\"_blank\" rel=\"noreferrer noopener\">Teatro Klubas<\/a>\u00a0<br>12.04 Suwa\u0142ki, PL,\u00a0<a href=\"https:\/\/www.facebook.com\/pizzeriarozmarino\/?locale=pl_PL\" target=\"_blank\" rel=\"noreferrer noopener\">Rozmarino<\/a>\u00a0<\/p>\n\n\n\n<p><strong>UNION OF BLUES\u00a0<\/strong>(LT\/PL)\u00a0<strong>Winter Tour 2023<\/strong><br>30.11 Vilnius, LT,\u00a0Jazz Cellar 11 <br>2.12 Magdalenka, PL<br>3.12 Suwa\u0142ki, PL,\u00a0Rozmarino <br>3.12 Bia\u0142ystok, PL,\u00a0Pub 6-\u015acian<\/p>\n\n\n\n<h2 class=\"wp-block-heading\"><\/h2>\n\n\n\n<figure class=\"wp-block-image size-large is-resized\"><a href=\"https:\/\/bogdantopolski.pl\/wp-content\/uploads\/2025\/08\/UNION-OF-BLUES_August-2025.jpg\"><img loading=\"lazy\" decoding=\"async\" width=\"1024\" height=\"1024\" src=\"https:\/\/bogdantopolski.pl\/wp-content\/uploads\/2025\/08\/UNION-OF-BLUES_August-2025-1024x1024.jpg\" alt=\"\" class=\"wp-image-11587\" style=\"width:427px;height:auto\" srcset=\"https:\/\/bogdantopolski.pl\/wp-content\/uploads\/2025\/08\/UNION-OF-BLUES_August-2025-1024x1024.jpg 1024w, https:\/\/bogdantopolski.pl\/wp-content\/uploads\/2025\/08\/UNION-OF-BLUES_August-2025-300x300.jpg 300w, https:\/\/bogdantopolski.pl\/wp-content\/uploads\/2025\/08\/UNION-OF-BLUES_August-2025-150x150.jpg 150w, https:\/\/bogdantopolski.pl\/wp-content\/uploads\/2025\/08\/UNION-OF-BLUES_August-2025-768x768.jpg 768w, https:\/\/bogdantopolski.pl\/wp-content\/uploads\/2025\/08\/UNION-OF-BLUES_August-2025-80x80.jpg 80w, https:\/\/bogdantopolski.pl\/wp-content\/uploads\/2025\/08\/UNION-OF-BLUES_August-2025-320x320.jpg 320w, https:\/\/bogdantopolski.pl\/wp-content\/uploads\/2025\/08\/UNION-OF-BLUES_August-2025.jpg 1080w\" sizes=\"auto, (max-width: 1024px) 100vw, 1024px\" \/><\/a><\/figure>\n\n\n\n<h2 class=\"wp-block-heading\"><\/h2>\n\n\n\n<figure class=\"wp-block-image size-large is-resized\"><a href=\"https:\/\/bogdantopolski.pl\/wp-content\/uploads\/2025\/02\/UNION-OF-BLUES-LTPL-15.jpg\"><img loading=\"lazy\" decoding=\"async\" width=\"1024\" height=\"1024\" src=\"https:\/\/bogdantopolski.pl\/wp-content\/uploads\/2025\/02\/UNION-OF-BLUES-LTPL-15-1024x1024.jpg\" alt=\"\" class=\"wp-image-10909\" style=\"width:429px;height:auto\" srcset=\"https:\/\/bogdantopolski.pl\/wp-content\/uploads\/2025\/02\/UNION-OF-BLUES-LTPL-15-1024x1024.jpg 1024w, https:\/\/bogdantopolski.pl\/wp-content\/uploads\/2025\/02\/UNION-OF-BLUES-LTPL-15-300x300.jpg 300w, https:\/\/bogdantopolski.pl\/wp-content\/uploads\/2025\/02\/UNION-OF-BLUES-LTPL-15-150x150.jpg 150w, https:\/\/bogdantopolski.pl\/wp-content\/uploads\/2025\/02\/UNION-OF-BLUES-LTPL-15-768x768.jpg 768w, https:\/\/bogdantopolski.pl\/wp-content\/uploads\/2025\/02\/UNION-OF-BLUES-LTPL-15-80x80.jpg 80w, https:\/\/bogdantopolski.pl\/wp-content\/uploads\/2025\/02\/UNION-OF-BLUES-LTPL-15-320x320.jpg 320w, https:\/\/bogdantopolski.pl\/wp-content\/uploads\/2025\/02\/UNION-OF-BLUES-LTPL-15.jpg 1080w\" sizes=\"auto, (max-width: 1024px) 100vw, 1024px\" \/><\/a><\/figure>\n\n\n\n<h2 class=\"wp-block-heading\"><\/h2>\n\n\n\n<figure class=\"wp-block-image size-large is-resized\"><a href=\"https:\/\/bogdantopolski.pl\/wp-content\/uploads\/2024\/06\/UNION-OF-BLUES-LTPL-5.jpg\"><img loading=\"lazy\" decoding=\"async\" width=\"1024\" height=\"1024\" src=\"https:\/\/bogdantopolski.pl\/wp-content\/uploads\/2024\/06\/UNION-OF-BLUES-LTPL-5-1024x1024.jpg\" alt=\"\" class=\"wp-image-9872\" style=\"width:429px;height:auto\" srcset=\"https:\/\/bogdantopolski.pl\/wp-content\/uploads\/2024\/06\/UNION-OF-BLUES-LTPL-5-1024x1024.jpg 1024w, https:\/\/bogdantopolski.pl\/wp-content\/uploads\/2024\/06\/UNION-OF-BLUES-LTPL-5-300x300.jpg 300w, https:\/\/bogdantopolski.pl\/wp-content\/uploads\/2024\/06\/UNION-OF-BLUES-LTPL-5-150x150.jpg 150w, https:\/\/bogdantopolski.pl\/wp-content\/uploads\/2024\/06\/UNION-OF-BLUES-LTPL-5-768x768.jpg 768w, https:\/\/bogdantopolski.pl\/wp-content\/uploads\/2024\/06\/UNION-OF-BLUES-LTPL-5-80x80.jpg 80w, https:\/\/bogdantopolski.pl\/wp-content\/uploads\/2024\/06\/UNION-OF-BLUES-LTPL-5-320x320.jpg 320w, https:\/\/bogdantopolski.pl\/wp-content\/uploads\/2024\/06\/UNION-OF-BLUES-LTPL-5.jpg 1080w\" sizes=\"auto, (max-width: 1024px) 100vw, 1024px\" \/><\/a><\/figure>\n\n\n\n<p><\/p>\n\n\n\n<figure class=\"wp-block-image size-large is-resized\"><a href=\"https:\/\/bogdantopolski.pl\/wp-content\/uploads\/2024\/02\/UNION-OF-BLUES-LTPL-8.jpg\"><img loading=\"lazy\" decoding=\"async\" width=\"1024\" height=\"1024\" src=\"https:\/\/bogdantopolski.pl\/wp-content\/uploads\/2024\/02\/UNION-OF-BLUES-LTPL-8-1024x1024.jpg\" alt=\"\" class=\"wp-image-9143\" style=\"width:431px;height:auto\" srcset=\"https:\/\/bogdantopolski.pl\/wp-content\/uploads\/2024\/02\/UNION-OF-BLUES-LTPL-8-1024x1024.jpg 1024w, https:\/\/bogdantopolski.pl\/wp-content\/uploads\/2024\/02\/UNION-OF-BLUES-LTPL-8-300x300.jpg 300w, https:\/\/bogdantopolski.pl\/wp-content\/uploads\/2024\/02\/UNION-OF-BLUES-LTPL-8-150x150.jpg 150w, https:\/\/bogdantopolski.pl\/wp-content\/uploads\/2024\/02\/UNION-OF-BLUES-LTPL-8-768x768.jpg 768w, https:\/\/bogdantopolski.pl\/wp-content\/uploads\/2024\/02\/UNION-OF-BLUES-LTPL-8-80x80.jpg 80w, https:\/\/bogdantopolski.pl\/wp-content\/uploads\/2024\/02\/UNION-OF-BLUES-LTPL-8-320x320.jpg 320w, https:\/\/bogdantopolski.pl\/wp-content\/uploads\/2024\/02\/UNION-OF-BLUES-LTPL-8.jpg 1080w\" sizes=\"auto, (max-width: 1024px) 100vw, 1024px\" \/><\/a><\/figure>\n\n\n\n<p><\/p>\n\n\n\n<div class=\"wp-block-columns is-layout-flex wp-container-core-columns-is-layout-9d6595d7 wp-block-columns-is-layout-flex\">\n<div class=\"wp-block-column is-layout-flow wp-block-column-is-layout-flow\" style=\"flex-basis:100%\">\n<figure class=\"wp-block-image size-large is-resized\"><a href=\"https:\/\/bogdantopolski.pl\/wp-content\/uploads\/2023\/10\/UNION-OF-BLUES-LTPL-5.jpg\"><img loading=\"lazy\" decoding=\"async\" width=\"1024\" height=\"1024\" src=\"https:\/\/bogdantopolski.pl\/wp-content\/uploads\/2023\/10\/UNION-OF-BLUES-LTPL-5-1024x1024.jpg\" alt=\"\" class=\"wp-image-8354\" style=\"width:432px;height:auto\" srcset=\"https:\/\/bogdantopolski.pl\/wp-content\/uploads\/2023\/10\/UNION-OF-BLUES-LTPL-5-1024x1024.jpg 1024w, https:\/\/bogdantopolski.pl\/wp-content\/uploads\/2023\/10\/UNION-OF-BLUES-LTPL-5-300x300.jpg 300w, https:\/\/bogdantopolski.pl\/wp-content\/uploads\/2023\/10\/UNION-OF-BLUES-LTPL-5-150x150.jpg 150w, https:\/\/bogdantopolski.pl\/wp-content\/uploads\/2023\/10\/UNION-OF-BLUES-LTPL-5-768x768.jpg 768w, https:\/\/bogdantopolski.pl\/wp-content\/uploads\/2023\/10\/UNION-OF-BLUES-LTPL-5-80x80.jpg 80w, https:\/\/bogdantopolski.pl\/wp-content\/uploads\/2023\/10\/UNION-OF-BLUES-LTPL-5-320x320.jpg 320w, https:\/\/bogdantopolski.pl\/wp-content\/uploads\/2023\/10\/UNION-OF-BLUES-LTPL-5.jpg 1080w\" sizes=\"auto, (max-width: 1024px) 100vw, 1024px\" \/><\/a><\/figure>\n<\/div>\n<\/div>\n\n\n\n<h2 class=\"wp-block-heading\"><\/h2>\n\n\n\n<p><strong><a href=\"https:\/\/bogdantopolski.pl\/wp-content\/uploads\/2023\/11\/Union-Of-Blues_bio_LT.pdf\" target=\"_blank\" rel=\"noreferrer noopener\">Promo in Lithuanian<\/a><br><a href=\"https:\/\/bogdantopolski.pl\/wp-content\/uploads\/2023\/11\/Union-Of-Blues_info_PL.pdf\" target=\"_blank\" rel=\"noreferrer noopener\">Promo in Polish<\/a><\/strong><br><strong><a href=\"https:\/\/bogdantopolski.pl\/wp-content\/uploads\/2025\/08\/rider_Union-Of-Blues.pdf\">Technical rider<\/a><\/strong><br><\/p>\n\n\n\n<p><\/p>\n","protected":false},"excerpt":{"rendered":"<p>The project was created especially for participation in the Suwa\u0142ki Blues Festival 2010, but only at the end of 2011 the band played its first concerts. Several years of cooperation between musicians&#46;&#46;&#46;<\/p>\n","protected":false},"author":1,"featured_media":0,"parent":0,"menu_order":0,"comment_status":"closed","ping_status":"closed","template":"","meta":{"footnotes":""},"class_list":["post-8340","page","type-page","status-publish","hentry"],"_links":{"self":[{"href":"https:\/\/bogdantopolski.pl\/index.php?rest_route=\/wp\/v2\/pages\/8340","targetHints":{"allow":["GET"]}}],"collection":[{"href":"https:\/\/bogdantopolski.pl\/index.php?rest_route=\/wp\/v2\/pages"}],"about":[{"href":"https:\/\/bogdantopolski.pl\/index.php?rest_route=\/wp\/v2\/types\/page"}],"author":[{"embeddable":true,"href":"https:\/\/bogdantopolski.pl\/index.php?rest_route=\/wp\/v2\/users\/1"}],"replies":[{"embeddable":true,"href":"https:\/\/bogdantopolski.pl\/index.php?rest_route=%2Fwp%2Fv2%2Fcomments&post=8340"}],"version-history":[{"count":146,"href":"https:\/\/bogdantopolski.pl\/index.php?rest_route=\/wp\/v2\/pages\/8340\/revisions"}],"predecessor-version":[{"id":12042,"href":"https:\/\/bogdantopolski.pl\/index.php?rest_route=\/wp\/v2\/pages\/8340\/revisions\/12042"}],"wp:attachment":[{"href":"https:\/\/bogdantopolski.pl\/index.php?rest_route=%2Fwp%2Fv2%2Fmedia&parent=8340"}],"curies":[{"name":"wp","href":"https:\/\/api.w.org\/{rel}","templated":true}]}}